{"id":2824,"date":"2017-10-18T16:53:48","date_gmt":"2017-10-18T14:53:48","guid":{"rendered":"http:\/\/www.letnia.com\/?page_id=2824"},"modified":"2024-11-06T12:16:30","modified_gmt":"2024-11-06T11:16:30","slug":"sylwester1","status":"publish","type":"page","link":"https:\/\/www.letnia.com\/de\/sylwester1\/","title":{"rendered":"Silvester 2019\/2020"},"content":{"rendered":"<h2 style=\"text-align: center;\"><span style=\"color: #ff6600; font-size: 38px;\">SILVESTERBALL 2019\/2020<\/span><\/h2>\n<p align=\"center\"><span style=\"color: #ff6600;\"><span style=\"font-family: 'Times New Roman', serif;\"><span style=\"font-size: xx-large;\">31.12.2019 - <\/span><\/span><\/span><span style=\"font-family: 'Times New Roman', serif; color: #333333;\"><span style=\"font-size: large;\"><b>keine Orte<\/b><\/span><\/span><\/p>\n<p><span style=\"font-size: 20px; color: #800080;\"><strong>Zeiten der Veranstaltung:<\/strong> 19:00 bis 4:00<\/span><br \/>\n<span style=\"font-size: 20px; color: #800080;\"><strong>Musikalischer Rahmen:<\/strong> Team <\/span><strong><span style=\"font-size: 22px; color: #fb4903;\">KRATER<\/span><\/strong><br \/>\n<span style=\"font-size: 20px; color: #800080;\"><strong>Kosten f\u00fcr die Teilnahme an der Veranstaltung:<\/strong> 300 z\u0142 pro Person<\/span><\/p>\n<p style=\"text-align: center;\"><span style=\"font-size: 20px;\"><strong><span style=\"color: #800080;\">Men\u00fc :<\/span><\/strong><\/span><\/p>\n<p style=\"text-align: center;\"><strong>Beilage:<\/strong><\/p>\n<p style=\"text-align: center;\">- Ceviche von Lachs mit Zitrusfr\u00fcchten auf frischem Salat mit aromatisiertem \u00d6l<\/p>\n<p style=\"text-align: center;\"><strong>Abendessen:<\/strong><\/p>\n<p style=\"text-align: center;\">- Schweines\u00e4cke gef\u00fcllt mit sautiertem Kohl und Champignons, eingewickelt in frischem Lauch, mit knusprigen Kr\u00e4uterkartoffeln, dunkler Sauce mit Steinpilzen und karamellisierten Babykarotten<\/p>\n<p style=\"text-align: center;\"><strong>Nachspeise:<\/strong><\/p>\n<p style=\"text-align: center;\">- Schokoladen- und Mandelkuchen mit einer Kugel Vanilleeis und Fruchtsauce<\/p>\n<p style=\"text-align: center;\"><strong>Imbisse:<\/strong><\/p>\n<p style=\"text-align: center;\">- Bratenplatten (Schweinenacken, Lende, Speck) mit roter Zwiebelmarmelade<br \/>\n- H\u00e4hnchenhappen mit Senf-Honig-Dip<br \/>\n- K\u00e4se-, Wurstwaren- und Bankettstopper-Phantasien<br \/>\n- Marinierter Landhering mit zarten Zwiebeln und Trockenfr\u00fcchten<br \/>\n- Mit Gr\u00fcnkohl und Feta gef\u00fcllte Eier mit R\u00e4ucherlachs<br \/>\n- Griechischer Salat mit schwarzen Oliven<br \/>\n- Krabbensalat<br \/>\n- Kartoffelsalat mit Lauchchampignons und frischem Schnittlauch<\/p>\n<p style=\"text-align: center;\"><strong>Warme Gerichte:<\/strong><\/p>\n<p style=\"text-align: center;\">- Ragout oder Putengeschnetzeltes mit Champignons und buntem Paprika<br \/>\n- Gebratenes Schweinefilet auf S\u00fc\u00dfkartoffelp\u00fcree mit dunkler Thymiansauce<br \/>\n- Roter Borschtsch mit Pasteten<\/p>\n<p style=\"text-align: center;\"><strong>Desserts und Obst:<br \/>\n<\/strong><br \/>\nSet hausgemachter Kuchen - 5 Sorten<br \/>\nObst der Saison<\/p>\n<p style=\"text-align: center;\"><strong>Erfrischungen:<\/strong><\/p>\n<p style=\"text-align: center;\">- Italienischer Kaffee \u201eEstados\u201d aus der Kaffeemaschine, \u201eLipton\u201d-Tee\u201d<br \/>\n- Cappy nat\u00fcrliche S\u00e4fte, Mineralwasser<br \/>\n- Kropla Beskidu, Coca Cola<\/p>\n<p style=\"text-align: center;\"><strong>Alkohole:<\/strong><\/p>\n<p style=\"text-align: center;\">- ein Glas spanischer Wein oder Tyskie-Bier 0,5l. zum Abendessen, Sekt zum Ansto\u00dfen<br \/>\n- Andere Spirituosen k\u00f6nnen an der Bar des Sommerrestaurants ohne gastronomischen Aufschlag erworben werden<\/p>\n<hr \/>\n<p style=\"text-align: center;\"><img fetchpriority=\"high\" decoding=\"async\" class=\"aligncenter wp-image-2889 size-large\" src=\"http:\/\/www.letnia.com\/wp-content\/uploads\/2017\/10\/sylwester-wroclaw-1-1024x576.jpeg\" alt=\"sylwester Wroc\u0142aw\" width=\"604\" height=\"340\" srcset=\"https:\/\/www.letnia.com\/wp-content\/uploads\/2017\/10\/sylwester-wroclaw-1-1024x576.jpeg 1024w, https:\/\/www.letnia.com\/wp-content\/uploads\/2017\/10\/sylwester-wroclaw-1-300x169.jpeg 300w, https:\/\/www.letnia.com\/wp-content\/uploads\/2017\/10\/sylwester-wroclaw-1-768x432.jpeg 768w, https:\/\/www.letnia.com\/wp-content\/uploads\/2017\/10\/sylwester-wroclaw-1-1536x864.jpeg 1536w, https:\/\/www.letnia.com\/wp-content\/uploads\/2017\/10\/sylwester-wroclaw-1.jpeg 1632w\" sizes=\"(max-width: 604px) 100vw, 604px\" \/> <img decoding=\"async\" class=\"aligncenter wp-image-2890 size-large\" src=\"http:\/\/www.letnia.com\/wp-content\/uploads\/2017\/10\/sylwester-wroclaw-2-1024x576.jpeg\" alt=\"sylwester Wroc\u0142aw\" width=\"604\" height=\"340\" srcset=\"https:\/\/www.letnia.com\/wp-content\/uploads\/2017\/10\/sylwester-wroclaw-2-1024x576.jpeg 1024w, https:\/\/www.letnia.com\/wp-content\/uploads\/2017\/10\/sylwester-wroclaw-2-300x169.jpeg 300w, https:\/\/www.letnia.com\/wp-content\/uploads\/2017\/10\/sylwester-wroclaw-2-768x432.jpeg 768w, https:\/\/www.letnia.com\/wp-content\/uploads\/2017\/10\/sylwester-wroclaw-2-1536x864.jpeg 1536w, https:\/\/www.letnia.com\/wp-content\/uploads\/2017\/10\/sylwester-wroclaw-2.jpeg 1632w\" sizes=\"(max-width: 604px) 100vw, 604px\" \/> <img decoding=\"async\" class=\"aligncenter wp-image-2891 size-large\" src=\"http:\/\/www.letnia.com\/wp-content\/uploads\/2017\/10\/sylwester-wroclaw-3-1024x576.jpeg\" alt=\"sylwester Wroc\u0142aw\" width=\"604\" height=\"340\" srcset=\"https:\/\/www.letnia.com\/wp-content\/uploads\/2017\/10\/sylwester-wroclaw-3-1024x576.jpeg 1024w, https:\/\/www.letnia.com\/wp-content\/uploads\/2017\/10\/sylwester-wroclaw-3-300x169.jpeg 300w, https:\/\/www.letnia.com\/wp-content\/uploads\/2017\/10\/sylwester-wroclaw-3-768x432.jpeg 768w, https:\/\/www.letnia.com\/wp-content\/uploads\/2017\/10\/sylwester-wroclaw-3-1536x864.jpeg 1536w, https:\/\/www.letnia.com\/wp-content\/uploads\/2017\/10\/sylwester-wroclaw-3.jpeg 1632w\" sizes=\"(max-width: 604px) 100vw, 604px\" \/> <img loading=\"lazy\" decoding=\"async\" class=\"aligncenter wp-image-2892 size-large\" src=\"http:\/\/www.letnia.com\/wp-content\/uploads\/2017\/10\/sylwester-wroclaw-4-1024x576.jpeg\" alt=\"sylwester Wroc\u0142aw\" width=\"604\" height=\"340\" srcset=\"https:\/\/www.letnia.com\/wp-content\/uploads\/2017\/10\/sylwester-wroclaw-4-1024x576.jpeg 1024w, https:\/\/www.letnia.com\/wp-content\/uploads\/2017\/10\/sylwester-wroclaw-4-300x169.jpeg 300w, https:\/\/www.letnia.com\/wp-content\/uploads\/2017\/10\/sylwester-wroclaw-4-768x432.jpeg 768w, https:\/\/www.letnia.com\/wp-content\/uploads\/2017\/10\/sylwester-wroclaw-4-1536x864.jpeg 1536w, https:\/\/www.letnia.com\/wp-content\/uploads\/2017\/10\/sylwester-wroclaw-4.jpeg 1632w\" sizes=\"(max-width: 604px) 100vw, 604px\" \/><\/p>\n<p>&nbsp;<\/p>\n<hr \/>\n<h5 style=\"text-align: center;\">INFORMATION UND BUCHUNG:<\/h5>\n<p style=\"text-align: center;\">Wies\u0142aw Ma\u0142ucha - Veranstaltungsleiter<\/p>\n<p style=\"text-align: center;\"><strong>Tel:<\/strong> 691 704 119<\/p>\n<p style=\"text-align: center;\"><strong>E-Mail:<\/strong> imprezy@letnia.com oder imprezy@grupaaston.pl<\/p>\n<p><img loading=\"lazy\" decoding=\"async\" class=\"wp-image-2239 aligncenter\" src=\"http:\/\/www.letnia.com\/wp-content\/uploads\/2017\/04\/wesele-wroclaw-300x253.png\" alt=\"wesele wroc\u0142aw\" width=\"205\" height=\"173\" srcset=\"https:\/\/www.letnia.com\/wp-content\/uploads\/2017\/04\/wesele-wroclaw-300x253.png 300w, https:\/\/www.letnia.com\/wp-content\/uploads\/2017\/04\/wesele-wroclaw.png 350w\" sizes=\"(max-width: 205px) 100vw, 205px\" \/><\/p>\n<p>Siehe auch: <a href=\"http:\/\/rachmistrz.krakow.pl\/\">Buchhaltung Krakau<\/a><\/p>","protected":false},"excerpt":{"rendered":"BAL SYLWESTROWY 2019\/2020 31.12.2019 - brak miejsc Czas imprezy: od 19:00 do 4:00 Oprawa muzyczna: zesp\u00f3\u0142 KRATER Koszt udzia\u0142u w imprezie: 300 z\u0142 od osoby Menu : Przystawka: - Ceviche z \u0142ososia z cytrusami na \u015bwie\u017cych sa\u0142atach z oliw\u0105 smakow\u0105 Kolacja: - Sakwy wieprzowe faszerowane zasma\u017can\u0105 kapust\u0105 i grzybami owini\u0119te \u015bwie\u017cym porem z chrupi\u0105cymi ziemniakami w zio\u0142ach, ciemnym sosem z&nbsp;<a href=\"https:\/\/www.letnia.com\/de\/sylwester1\/\" class=\"read-more\">Weiter lesen<\/a>","protected":false},"author":1,"featured_media":0,"parent":0,"menu_order":0,"comment_status":"closed","ping_status":"closed","template":"page-fullwidth.php","meta":{"footnotes":""},"class_list":["post-2824","page","type-page","status-publish","hentry"],"yoast_head":"<!-- This site is optimized with the Yoast SEO plugin v26.5 - https:\/\/yoast.com\/wordpress\/plugins\/seo\/ -->\n<title>Sylwester Wroc\u0142aw. Sylwester we Wroc\u0142awiu w Restauracji Letniej<\/title>\n<meta name=\"description\" content=\"Sylwester Wroc\u0142aw. Sylwester we Wroc\u0142awiu. Zapraszamy Pa\u0144stwa na Bal Sylwestrowy 2017\/2018 w Restauracji Letniej. Wspania\u0142a impreza z zespo\u0142em Krater.\" \/>\n<meta name=\"robots\" content=\"index, follow, max-snippet:-1, max-image-preview:large, max-video-preview:-1\" \/>\n<link rel=\"canonical\" href=\"https:\/\/www.letnia.com\/de\/sylwester1\/\" \/>\n<meta property=\"og:locale\" content=\"de_DE\" \/>\n<meta property=\"og:type\" content=\"article\" \/>\n<meta property=\"og:title\" content=\"Sylwester Wroc\u0142aw. Sylwester we Wroc\u0142awiu w Restauracji Letniej\" \/>\n<meta property=\"og:description\" content=\"Sylwester Wroc\u0142aw. Sylwester we Wroc\u0142awiu. Zapraszamy Pa\u0144stwa na Bal Sylwestrowy 2017\/2018 w Restauracji Letniej. Wspania\u0142a impreza z zespo\u0142em Krater.\" \/>\n<meta property=\"og:url\" content=\"https:\/\/www.letnia.com\/de\/sylwester1\/\" \/>\n<meta property=\"article:publisher\" content=\"https:\/\/www.facebook.com\/Wesela.Wroclaw\/\" \/>\n<meta property=\"article:modified_time\" content=\"2024-11-06T11:16:30+00:00\" \/>\n<meta property=\"og:image\" content=\"http:\/\/www.letnia.com\/wp-content\/uploads\/2017\/10\/sylwester-wroclaw-1-1024x576.jpeg\" \/>\n<meta name=\"twitter:card\" content=\"summary_large_image\" \/>\n<meta name=\"twitter:label1\" content=\"Gesch\u00e4tzte Lesezeit\" \/>\n\t<meta name=\"twitter:data1\" content=\"1\u00a0Minute\" \/>\n<script type=\"application\/ld+json\" class=\"yoast-schema-graph\">{\"@context\":\"https:\/\/schema.org\",\"@graph\":[{\"@type\":\"WebPage\",\"@id\":\"https:\/\/www.letnia.com\/sylwester1\/\",\"url\":\"https:\/\/www.letnia.com\/sylwester1\/\",\"name\":\"Sylwester Wroc\u0142aw. Sylwester we Wroc\u0142awiu w Restauracji Letniej\",\"isPartOf\":{\"@id\":\"https:\/\/www.letnia.com\/#website\"},\"primaryImageOfPage\":{\"@id\":\"https:\/\/www.letnia.com\/sylwester1\/#primaryimage\"},\"image\":{\"@id\":\"https:\/\/www.letnia.com\/sylwester1\/#primaryimage\"},\"thumbnailUrl\":\"http:\/\/www.letnia.com\/wp-content\/uploads\/2017\/10\/sylwester-wroclaw-1-1024x576.jpeg\",\"datePublished\":\"2017-10-18T14:53:48+00:00\",\"dateModified\":\"2024-11-06T11:16:30+00:00\",\"description\":\"Sylwester Wroc\u0142aw. Sylwester we Wroc\u0142awiu. Zapraszamy Pa\u0144stwa na Bal Sylwestrowy 2017\/2018 w Restauracji Letniej. Wspania\u0142a impreza z zespo\u0142em Krater.\",\"breadcrumb\":{\"@id\":\"https:\/\/www.letnia.com\/sylwester1\/#breadcrumb\"},\"inLanguage\":\"de\",\"potentialAction\":[{\"@type\":\"ReadAction\",\"target\":[\"https:\/\/www.letnia.com\/sylwester1\/\"]}]},{\"@type\":\"ImageObject\",\"inLanguage\":\"de\",\"@id\":\"https:\/\/www.letnia.com\/sylwester1\/#primaryimage\",\"url\":\"http:\/\/www.letnia.com\/wp-content\/uploads\/2017\/10\/sylwester-wroclaw-1-1024x576.jpeg\",\"contentUrl\":\"http:\/\/www.letnia.com\/wp-content\/uploads\/2017\/10\/sylwester-wroclaw-1-1024x576.jpeg\"},{\"@type\":\"BreadcrumbList\",\"@id\":\"https:\/\/www.letnia.com\/sylwester1\/#breadcrumb\",\"itemListElement\":[{\"@type\":\"ListItem\",\"position\":1,\"name\":\"Strona g\u0142\u00f3wna\",\"item\":\"https:\/\/www.letnia.com\/\"},{\"@type\":\"ListItem\",\"position\":2,\"name\":\"Sylwester 2019\/2020\"}]},{\"@type\":\"WebSite\",\"@id\":\"https:\/\/www.letnia.com\/#website\",\"url\":\"https:\/\/www.letnia.com\/\",\"name\":\"\",\"description\":\"\",\"publisher\":{\"@id\":\"https:\/\/www.letnia.com\/#organization\"},\"potentialAction\":[{\"@type\":\"SearchAction\",\"target\":{\"@type\":\"EntryPoint\",\"urlTemplate\":\"https:\/\/www.letnia.com\/?s={search_term_string}\"},\"query-input\":{\"@type\":\"PropertyValueSpecification\",\"valueRequired\":true,\"valueName\":\"search_term_string\"}}],\"inLanguage\":\"de\"},{\"@type\":\"Organization\",\"@id\":\"https:\/\/www.letnia.com\/#organization\",\"name\":\"Restauracja Letnia\",\"url\":\"https:\/\/www.letnia.com\/\",\"logo\":{\"@type\":\"ImageObject\",\"inLanguage\":\"de\",\"@id\":\"https:\/\/www.letnia.com\/#\/schema\/logo\/image\/\",\"url\":\"https:\/\/www.letnia.com\/wp-content\/uploads\/2017\/04\/wesele-wroclaw.png\",\"contentUrl\":\"https:\/\/www.letnia.com\/wp-content\/uploads\/2017\/04\/wesele-wroclaw.png\",\"width\":350,\"height\":295,\"caption\":\"Restauracja Letnia\"},\"image\":{\"@id\":\"https:\/\/www.letnia.com\/#\/schema\/logo\/image\/\"},\"sameAs\":[\"https:\/\/www.facebook.com\/Wesela.Wroclaw\/\",\"https:\/\/www.youtube.com\/user\/LetniaRestauracja\"]}]}<\/script>\n<!-- \/ Yoast SEO plugin. -->","yoast_head_json":{"title":"Sylwester Wroc\u0142aw. Sylwester we Wroc\u0142awiu w Restauracji Letniej","description":"Sylwester Wroc\u0142aw. Sylwester we Wroc\u0142awiu. Zapraszamy Pa\u0144stwa na Bal Sylwestrowy 2017\/2018 w Restauracji Letniej. Wspania\u0142a impreza z zespo\u0142em Krater.","robots":{"index":"index","follow":"follow","max-snippet":"max-snippet:-1","max-image-preview":"max-image-preview:large","max-video-preview":"max-video-preview:-1"},"canonical":"https:\/\/www.letnia.com\/de\/sylwester1\/","og_locale":"de_DE","og_type":"article","og_title":"Sylwester Wroc\u0142aw. Sylwester we Wroc\u0142awiu w Restauracji Letniej","og_description":"Sylwester Wroc\u0142aw. Sylwester we Wroc\u0142awiu. Zapraszamy Pa\u0144stwa na Bal Sylwestrowy 2017\/2018 w Restauracji Letniej. Wspania\u0142a impreza z zespo\u0142em Krater.","og_url":"https:\/\/www.letnia.com\/de\/sylwester1\/","article_publisher":"https:\/\/www.facebook.com\/Wesela.Wroclaw\/","article_modified_time":"2024-11-06T11:16:30+00:00","og_image":[{"url":"http:\/\/www.letnia.com\/wp-content\/uploads\/2017\/10\/sylwester-wroclaw-1-1024x576.jpeg","type":"","width":"","height":""}],"twitter_card":"summary_large_image","twitter_misc":{"Gesch\u00e4tzte Lesezeit":"1\u00a0Minute"},"schema":{"@context":"https:\/\/schema.org","@graph":[{"@type":"WebPage","@id":"https:\/\/www.letnia.com\/sylwester1\/","url":"https:\/\/www.letnia.com\/sylwester1\/","name":"Sylwester Wroc\u0142aw. Sylwester we Wroc\u0142awiu w Restauracji Letniej","isPartOf":{"@id":"https:\/\/www.letnia.com\/#website"},"primaryImageOfPage":{"@id":"https:\/\/www.letnia.com\/sylwester1\/#primaryimage"},"image":{"@id":"https:\/\/www.letnia.com\/sylwester1\/#primaryimage"},"thumbnailUrl":"http:\/\/www.letnia.com\/wp-content\/uploads\/2017\/10\/sylwester-wroclaw-1-1024x576.jpeg","datePublished":"2017-10-18T14:53:48+00:00","dateModified":"2024-11-06T11:16:30+00:00","description":"Sylwester Wroc\u0142aw. Sylwester we Wroc\u0142awiu. Zapraszamy Pa\u0144stwa na Bal Sylwestrowy 2017\/2018 w Restauracji Letniej. Wspania\u0142a impreza z zespo\u0142em Krater.","breadcrumb":{"@id":"https:\/\/www.letnia.com\/sylwester1\/#breadcrumb"},"inLanguage":"de","potentialAction":[{"@type":"ReadAction","target":["https:\/\/www.letnia.com\/sylwester1\/"]}]},{"@type":"ImageObject","inLanguage":"de","@id":"https:\/\/www.letnia.com\/sylwester1\/#primaryimage","url":"http:\/\/www.letnia.com\/wp-content\/uploads\/2017\/10\/sylwester-wroclaw-1-1024x576.jpeg","contentUrl":"http:\/\/www.letnia.com\/wp-content\/uploads\/2017\/10\/sylwester-wroclaw-1-1024x576.jpeg"},{"@type":"BreadcrumbList","@id":"https:\/\/www.letnia.com\/sylwester1\/#breadcrumb","itemListElement":[{"@type":"ListItem","position":1,"name":"Strona g\u0142\u00f3wna","item":"https:\/\/www.letnia.com\/"},{"@type":"ListItem","position":2,"name":"Sylwester 2019\/2020"}]},{"@type":"WebSite","@id":"https:\/\/www.letnia.com\/#website","url":"https:\/\/www.letnia.com\/","name":"","description":"","publisher":{"@id":"https:\/\/www.letnia.com\/#organization"},"potentialAction":[{"@type":"SearchAction","target":{"@type":"EntryPoint","urlTemplate":"https:\/\/www.letnia.com\/?s={search_term_string}"},"query-input":{"@type":"PropertyValueSpecification","valueRequired":true,"valueName":"search_term_string"}}],"inLanguage":"de"},{"@type":"Organization","@id":"https:\/\/www.letnia.com\/#organization","name":"Restaurant Letnia","url":"https:\/\/www.letnia.com\/","logo":{"@type":"ImageObject","inLanguage":"de","@id":"https:\/\/www.letnia.com\/#\/schema\/logo\/image\/","url":"https:\/\/www.letnia.com\/wp-content\/uploads\/2017\/04\/wesele-wroclaw.png","contentUrl":"https:\/\/www.letnia.com\/wp-content\/uploads\/2017\/04\/wesele-wroclaw.png","width":350,"height":295,"caption":"Restauracja Letnia"},"image":{"@id":"https:\/\/www.letnia.com\/#\/schema\/logo\/image\/"},"sameAs":["https:\/\/www.facebook.com\/Wesela.Wroclaw\/","https:\/\/www.youtube.com\/user\/LetniaRestauracja"]}]}},"_links":{"self":[{"href":"https:\/\/www.letnia.com\/de\/wp-json\/wp\/v2\/pages\/2824","targetHints":{"allow":["GET"]}}],"collection":[{"href":"https:\/\/www.letnia.com\/de\/wp-json\/wp\/v2\/pages"}],"about":[{"href":"https:\/\/www.letnia.com\/de\/wp-json\/wp\/v2\/types\/page"}],"author":[{"embeddable":true,"href":"https:\/\/www.letnia.com\/de\/wp-json\/wp\/v2\/users\/1"}],"replies":[{"embeddable":true,"href":"https:\/\/www.letnia.com\/de\/wp-json\/wp\/v2\/comments?post=2824"}],"version-history":[{"count":18,"href":"https:\/\/www.letnia.com\/de\/wp-json\/wp\/v2\/pages\/2824\/revisions"}],"predecessor-version":[{"id":3434,"href":"https:\/\/www.letnia.com\/de\/wp-json\/wp\/v2\/pages\/2824\/revisions\/3434"}],"wp:attachment":[{"href":"https:\/\/www.letnia.com\/de\/wp-json\/wp\/v2\/media?parent=2824"}],"curies":[{"name":"wp","href":"https:\/\/api.w.org\/{rel}","templated":true}]}}